{"id":1150,"date":"2018-05-03T14:38:40","date_gmt":"2018-05-03T07:38:40","guid":{"rendered":"http:\/\/23687.nhandh.vinawebsite.vn\/khach-hang\/"},"modified":"2019-06-13T13:45:36","modified_gmt":"2019-06-13T06:45:36","slug":"customer","status":"publish","type":"page","link":"https:\/\/sukienhunghanh.vn\/en\/customer\/","title":{"rendered":"Customer"},"content":{"rendered":"<div class=\"infotin\">\n<h1 class=\"singletitle\">KH\u00c1CH H\u00c0NG<\/h1>\n<\/div>\n<div id=\"textcontent\">D\u01b0\u1edbi \u0111\u00e2y l\u00e0 danh s\u00e1ch m\u1ed9t s\u1ed1 kh\u00e1ch h\u00e0ng ti\u00eau bi\u1ec3u. Ch\u00fang t\u00f4i \u0111\u00e3 v\u00e0 \u0111ang ph\u1ee5c v\u1ee5 h\u01a1n\u00a0<strong>500+<\/strong>\u00a0kh\u00e1ch h\u00e0ng thu\u1ed9c m\u1ecdi l\u0129nh v\u1ef1c ng\u00e0nh ngh\u1ec1.<\/div>\n<div>\n<img loading=\"lazy\" decoding=\"async\" class=\"size-full wp-image-418 aligncenter\" src=\"http:\/\/23687.nhandh.vinawebsite.vn\/wp-content\/uploads\/2018\/05\/khach-hang-2.jpg\" alt=\"khach-hang-2\" width=\"967\" height=\"796\" \/><\/div>\n","protected":false},"excerpt":{"rendered":"<p>KH\u00c1CH H\u00c0NG D\u01b0\u1edbi \u0111\u00e2y l\u00e0 danh s\u00e1ch m\u1ed9t s\u1ed1 kh\u00e1ch h\u00e0ng ti\u00eau bi\u1ec3u. Ch\u00fang t\u00f4i \u0111\u00e3 v\u00e0 \u0111ang ph\u1ee5c v\u1ee5 h\u01a1n\u00a0500+\u00a0kh\u00e1ch h\u00e0ng thu\u1ed9c m\u1ecdi l\u0129nh v\u1ef1c ng\u00e0nh ngh\u1ec1.<\/p>\n","protected":false},"author":1,"featured_media":0,"parent":0,"menu_order":0,"comment_status":"closed","ping_status":"closed","template":"page-right-sidebar.php","meta":{"_acf_changed":false,"footnotes":""},"class_list":["post-1150","page","type-page","status-publish","hentry"],"acf":[],"yoast_head":"<!-- This site is optimized with the Yoast SEO plugin v24.6 - https:\/\/yoast.com\/wordpress\/plugins\/seo\/ -->\n<title>Customer - C\u00d4NG TY TNHH S\u1ea2N XU\u1ea4T TH\u01af\u01a0NG M\u1ea0I H\u00d9NG H\u1ea0NH<\/title>\n<meta name=\"robots\" content=\"index, follow, max-snippet:-1, max-image-preview:large, max-video-preview:-1\" \/>\n<link rel=\"canonical\" href=\"https:\/\/sukienhunghanh.vn\/en\/customer\/\" \/>\n<meta property=\"og:locale\" content=\"en_US\" \/>\n<meta property=\"og:type\" content=\"article\" \/>\n<meta property=\"og:title\" content=\"Customer - C\u00d4NG TY TNHH S\u1ea2N XU\u1ea4T TH\u01af\u01a0NG M\u1ea0I H\u00d9NG H\u1ea0NH\" \/>\n<meta property=\"og:description\" content=\"KH\u00c1CH H\u00c0NG D\u01b0\u1edbi \u0111\u00e2y l\u00e0 danh s\u00e1ch m\u1ed9t s\u1ed1 kh\u00e1ch h\u00e0ng ti\u00eau bi\u1ec3u. Ch\u00fang t\u00f4i \u0111\u00e3 v\u00e0 \u0111ang ph\u1ee5c v\u1ee5 h\u01a1n\u00a0500+\u00a0kh\u00e1ch h\u00e0ng thu\u1ed9c m\u1ecdi l\u0129nh v\u1ef1c ng\u00e0nh ngh\u1ec1.\" \/>\n<meta property=\"og:url\" content=\"https:\/\/sukienhunghanh.vn\/en\/customer\/\" \/>\n<meta property=\"og:site_name\" content=\"C\u00d4NG TY TNHH S\u1ea2N XU\u1ea4T TH\u01af\u01a0NG M\u1ea0I H\u00d9NG H\u1ea0NH\" \/>\n<meta property=\"article:modified_time\" content=\"2019-06-13T06:45:36+00:00\" \/>\n<meta property=\"og:image\" content=\"http:\/\/23687.nhandh.vinawebsite.vn\/wp-content\/uploads\/2018\/05\/khach-hang-2.jpg\" \/>\n<meta name=\"twitter:card\" content=\"summary_large_image\" \/>\n<script type=\"application\/ld+json\" class=\"yoast-schema-graph\">{\"@context\":\"https:\/\/schema.org\",\"@graph\":[{\"@type\":\"WebPage\",\"@id\":\"https:\/\/sukienhunghanh.vn\/en\/customer\/\",\"url\":\"https:\/\/sukienhunghanh.vn\/en\/customer\/\",\"name\":\"Customer - C\u00d4NG TY TNHH S\u1ea2N XU\u1ea4T TH\u01af\u01a0NG M\u1ea0I H\u00d9NG H\u1ea0NH\",\"isPartOf\":{\"@id\":\"https:\/\/sukienhunghanh.vn\/#website\"},\"primaryImageOfPage\":{\"@id\":\"https:\/\/sukienhunghanh.vn\/en\/customer\/#primaryimage\"},\"image\":{\"@id\":\"https:\/\/sukienhunghanh.vn\/en\/customer\/#primaryimage\"},\"thumbnailUrl\":\"http:\/\/23687.nhandh.vinawebsite.vn\/wp-content\/uploads\/2018\/05\/khach-hang-2.jpg\",\"datePublished\":\"2018-05-03T07:38:40+00:00\",\"dateModified\":\"2019-06-13T06:45:36+00:00\",\"breadcrumb\":{\"@id\":\"https:\/\/sukienhunghanh.vn\/en\/customer\/#breadcrumb\"},\"inLanguage\":\"en-US\",\"potentialAction\":[{\"@type\":\"ReadAction\",\"target\":[\"https:\/\/sukienhunghanh.vn\/en\/customer\/\"]}]},{\"@type\":\"ImageObject\",\"inLanguage\":\"en-US\",\"@id\":\"https:\/\/sukienhunghanh.vn\/en\/customer\/#primaryimage\",\"url\":\"http:\/\/23687.nhandh.vinawebsite.vn\/wp-content\/uploads\/2018\/05\/khach-hang-2.jpg\",\"contentUrl\":\"http:\/\/23687.nhandh.vinawebsite.vn\/wp-content\/uploads\/2018\/05\/khach-hang-2.jpg\"},{\"@type\":\"BreadcrumbList\",\"@id\":\"https:\/\/sukienhunghanh.vn\/en\/customer\/#breadcrumb\",\"itemListElement\":[{\"@type\":\"ListItem\",\"position\":1,\"name\":\"Trang ch\u1ee7\",\"item\":\"https:\/\/sukienhunghanh.vn\/en\/\"},{\"@type\":\"ListItem\",\"position\":2,\"name\":\"Customer\"}]},{\"@type\":\"WebSite\",\"@id\":\"https:\/\/sukienhunghanh.vn\/#website\",\"url\":\"https:\/\/sukienhunghanh.vn\/\",\"name\":\"C\u00d4NG TY TNHH S\u1ea2N XU\u1ea4T TH\u01af\u01a0NG M\u1ea0I H\u00d9NG H\u1ea0NH\",\"description\":\"H\u00d9NG H\u1ea0NH Event\",\"potentialAction\":[{\"@type\":\"SearchAction\",\"target\":{\"@type\":\"EntryPoint\",\"urlTemplate\":\"https:\/\/sukienhunghanh.vn\/?s={search_term_string}\"},\"query-input\":{\"@type\":\"PropertyValueSpecification\",\"valueRequired\":true,\"valueName\":\"search_term_string\"}}],\"inLanguage\":\"en-US\"}]}<\/script>\n<!-- \/ Yoast SEO plugin. -->","yoast_head_json":{"title":"Customer - C\u00d4NG TY TNHH S\u1ea2N XU\u1ea4T TH\u01af\u01a0NG M\u1ea0I H\u00d9NG H\u1ea0NH","robots":{"index":"index","follow":"follow","max-snippet":"max-snippet:-1","max-image-preview":"max-image-preview:large","max-video-preview":"max-video-preview:-1"},"canonical":"https:\/\/sukienhunghanh.vn\/en\/customer\/","og_locale":"en_US","og_type":"article","og_title":"Customer - C\u00d4NG TY TNHH S\u1ea2N XU\u1ea4T TH\u01af\u01a0NG M\u1ea0I H\u00d9NG H\u1ea0NH","og_description":"KH\u00c1CH H\u00c0NG D\u01b0\u1edbi \u0111\u00e2y l\u00e0 danh s\u00e1ch m\u1ed9t s\u1ed1 kh\u00e1ch h\u00e0ng ti\u00eau bi\u1ec3u. Ch\u00fang t\u00f4i \u0111\u00e3 v\u00e0 \u0111ang ph\u1ee5c v\u1ee5 h\u01a1n\u00a0500+\u00a0kh\u00e1ch h\u00e0ng thu\u1ed9c m\u1ecdi l\u0129nh v\u1ef1c ng\u00e0nh ngh\u1ec1.","og_url":"https:\/\/sukienhunghanh.vn\/en\/customer\/","og_site_name":"C\u00d4NG TY TNHH S\u1ea2N XU\u1ea4T TH\u01af\u01a0NG M\u1ea0I H\u00d9NG H\u1ea0NH","article_modified_time":"2019-06-13T06:45:36+00:00","og_image":[{"url":"http:\/\/23687.nhandh.vinawebsite.vn\/wp-content\/uploads\/2018\/05\/khach-hang-2.jpg","type":"","width":"","height":""}],"twitter_card":"summary_large_image","schema":{"@context":"https:\/\/schema.org","@graph":[{"@type":"WebPage","@id":"https:\/\/sukienhunghanh.vn\/en\/customer\/","url":"https:\/\/sukienhunghanh.vn\/en\/customer\/","name":"Customer - C\u00d4NG TY TNHH S\u1ea2N XU\u1ea4T TH\u01af\u01a0NG M\u1ea0I H\u00d9NG H\u1ea0NH","isPartOf":{"@id":"https:\/\/sukienhunghanh.vn\/#website"},"primaryImageOfPage":{"@id":"https:\/\/sukienhunghanh.vn\/en\/customer\/#primaryimage"},"image":{"@id":"https:\/\/sukienhunghanh.vn\/en\/customer\/#primaryimage"},"thumbnailUrl":"http:\/\/23687.nhandh.vinawebsite.vn\/wp-content\/uploads\/2018\/05\/khach-hang-2.jpg","datePublished":"2018-05-03T07:38:40+00:00","dateModified":"2019-06-13T06:45:36+00:00","breadcrumb":{"@id":"https:\/\/sukienhunghanh.vn\/en\/customer\/#breadcrumb"},"inLanguage":"en-US","potentialAction":[{"@type":"ReadAction","target":["https:\/\/sukienhunghanh.vn\/en\/customer\/"]}]},{"@type":"ImageObject","inLanguage":"en-US","@id":"https:\/\/sukienhunghanh.vn\/en\/customer\/#primaryimage","url":"http:\/\/23687.nhandh.vinawebsite.vn\/wp-content\/uploads\/2018\/05\/khach-hang-2.jpg","contentUrl":"http:\/\/23687.nhandh.vinawebsite.vn\/wp-content\/uploads\/2018\/05\/khach-hang-2.jpg"},{"@type":"BreadcrumbList","@id":"https:\/\/sukienhunghanh.vn\/en\/customer\/#breadcrumb","itemListElement":[{"@type":"ListItem","position":1,"name":"Trang ch\u1ee7","item":"https:\/\/sukienhunghanh.vn\/en\/"},{"@type":"ListItem","position":2,"name":"Customer"}]},{"@type":"WebSite","@id":"https:\/\/sukienhunghanh.vn\/#website","url":"https:\/\/sukienhunghanh.vn\/","name":"C\u00d4NG TY TNHH S\u1ea2N XU\u1ea4T TH\u01af\u01a0NG M\u1ea0I H\u00d9NG H\u1ea0NH","description":"H\u00d9NG H\u1ea0NH Event","potentialAction":[{"@type":"SearchAction","target":{"@type":"EntryPoint","urlTemplate":"https:\/\/sukienhunghanh.vn\/?s={search_term_string}"},"query-input":{"@type":"PropertyValueSpecification","valueRequired":true,"valueName":"search_term_string"}}],"inLanguage":"en-US"}]}},"_links":{"self":[{"href":"https:\/\/sukienhunghanh.vn\/en\/wp-json\/wp\/v2\/pages\/1150","targetHints":{"allow":["GET"]}}],"collection":[{"href":"https:\/\/sukienhunghanh.vn\/en\/wp-json\/wp\/v2\/pages"}],"about":[{"href":"https:\/\/sukienhunghanh.vn\/en\/wp-json\/wp\/v2\/types\/page"}],"author":[{"embeddable":true,"href":"https:\/\/sukienhunghanh.vn\/en\/wp-json\/wp\/v2\/users\/1"}],"replies":[{"embeddable":true,"href":"https:\/\/sukienhunghanh.vn\/en\/wp-json\/wp\/v2\/comments?post=1150"}],"version-history":[{"count":1,"href":"https:\/\/sukienhunghanh.vn\/en\/wp-json\/wp\/v2\/pages\/1150\/revisions"}],"predecessor-version":[{"id":1155,"href":"https:\/\/sukienhunghanh.vn\/en\/wp-json\/wp\/v2\/pages\/1150\/revisions\/1155"}],"wp:attachment":[{"href":"https:\/\/sukienhunghanh.vn\/en\/wp-json\/wp\/v2\/media?parent=1150"}],"curies":[{"name":"wp","href":"https:\/\/api.w.org\/{rel}","templated":true}]}}