{"id":1149,"date":"2018-05-03T14:38:12","date_gmt":"2018-05-03T07:38:12","guid":{"rendered":"http:\/\/23687.nhandh.vinawebsite.vn\/gioi-thieu\/"},"modified":"2019-06-13T13:46:11","modified_gmt":"2019-06-13T06:46:11","slug":"gioi-thieu","status":"publish","type":"page","link":"https:\/\/sukienhunghanh.vn\/en\/gioi-thieu\/","title":{"rendered":"Introduce"},"content":{"rendered":"<div class=\"infotin\">\n<h1 class=\"singletitle\">GI\u1edaI THI\u1ec6U<\/h1>\n<\/div>\n<div id=\"textcontent\">\n<p><strong>Star Event<\/strong>\u00a0ho\u1ea1t \u0111\u1ed9ng chuy\u00ean nghi\u1ec7p trong l\u0129nh v\u1ef1c t\u1ed5 ch\u1ee9c s\u1ef1 ki\u1ec7n, truy\u1ec1n th\u00f4ng.\u00a0\u0110\u1ebfn nay, ch\u00fang t\u00f4i \u0111\u00e3 tr\u1ef1c ti\u1ebfp tham gia th\u1ef1c hi\u1ec7n r\u1ea5t nhi\u1ec1u d\u1ef1 \u00e1n l\u1edbn nh\u1ecf mang l\u1ea1i hi\u1ec7u qu\u1ea3 cao s\u1ef1 h\u00e0i l\u00f2ng v\u00e0 th\u00e0nh c\u00f4ng cho c\u00e1c doanh nghi\u1ec7p trong h\u00e0ng tr\u0103m l\u0129nh v\u1ef1c ng\u00e0nh ngh\u1ec1 kh\u00e1c nhau.<\/p>\n<p>V\u1edbi m\u1ed7i d\u1ef1 \u00e1n d\u00f9 l\u1edbn hay nh\u1ecf ch\u00fang t\u00f4i lu\u00f4n t\u1eadp trung t\u1ed1i \u0111a, c\u00f9ng ch\u00fa t\u00e2m nghi\u00ean c\u1ee9u t\u00ecm ra nh\u1eefng gi\u1ea3i ph\u00e1p h\u1ee3p l\u00fd, s\u00e1ng t\u1ea1o, kh\u00e1c bi\u1ec7t \u0111\u00e1p \u1ee9ng t\u1ed1i \u0111a mong mu\u1ed1n c\u1ee7a kh\u00e1ch h\u00e0ng. Song song \u0111i k\u00e8m l\u00e0 m\u1ed9t h\u1ec7 th\u1ed1ng nh\u00e2n s\u1ef1 v\u00e0 \u0111\u1ed1i t\u00e1c ti\u00eau chu\u1ea9n \u0111\u01b0\u1ee3c \u00e1p d\u1ee5ng ch\u1eb7t ch\u1ebd xuy\u00ean su\u1ed1t qu\u00e1 tr\u00ecnh l\u00e0m vi\u1ec7c. M\u1ee5c ti\u00eau t\u1ed1i th\u01b0\u1ee3ng c\u1ee7a Star Event\u00a0l\u00e0 \u0111em \u0111\u1ebfn c\u00e1c d\u1ecbch v\u1ee5 c\u00f3 ch\u1ea5t l\u01b0\u1ee3ng cao v\u1edbi chi ph\u00ed h\u1ee3p l\u00fd nh\u1ea5t nh\u1eb1m \u0111\u00e1p \u1ee9ng nh\u1eefng y\u00eau c\u1ea7u cao nh\u1ea5t c\u1ee7a kh\u00e1ch h\u00e0ng theo ti\u00eau ch\u00ed \u201c<em><strong>\u00fd t\u01b0\u1edfng s\u00e1ng t\u1ea1o \u2013 th\u1ef1c hi\u1ec7n chuy\u00ean nghi\u1ec7p<\/strong><\/em>\u201d.<\/p>\n<p><strong>S\u1ee9 m\u1ec7nh \u2013 T\u1ea7m nh\u00ecn<\/strong><\/p>\n<p>Star Event mang \u0111\u1ebfn c\u00e1c ho\u1ea1t \u0111\u1ed9ng t\u1ed5 ch\u1ee9c s\u1ef1 ki\u1ec7n, truy\u1ec1n th\u00f4ng, ti\u1ebfp th\u1ecb hi\u1ec7u qu\u1ea3. Star Event mu\u1ed1n c\u00f9ng \u0111\u00f3ng g\u00f3p cho s\u1ef1 ph\u00e1t tri\u1ec3n c\u1ee7a ng\u00e0nh event v\u00e0 truy\u1ec1n th\u00f4ng nh\u1eb1m t\u1ea1o ra m\u1ed9t m\u00f4i tr\u01b0\u1eddng t\u1ed1t, m\u1ed9t th\u1ebf h\u1ec7 t\u1ed1t cho ng\u00e0nh.<\/p>\n<p>T\u1ea7m nh\u00ecn: Tr\u1edf th\u00e0nh t\u1ed5 ch\u1ee9c t\u01b0 v\u1ea5n, t\u1ed5 ch\u1ee9c s\u1ef1 ki\u1ec7n, truy\u1ec1n th\u00f4ng, ti\u1ebfp th\u1ecb h\u00e0ng \u0111\u1ea7u Vi\u1ec7t Nam.<\/p>\n<p><strong>L\u1ee3i \u00edch c\u1ee7a kh\u00e1ch h\u00e0ng<\/strong><\/p>\n<ul>\n<li>Ti\u1ebfp c\u1eadn nh\u1eefng d\u1ecbch v\u1ee5 chuy\u00ean nghi\u1ec7p, c\u00e1c qui tr\u00ecnh chu\u1ea9n t\u1eeb c\u00e1c chuy\u00ean gia uy t\u00edn nh\u1ea5t hi\u1ec7n nay.<\/li>\n<li>L\u1eafng nghe v\u00e0 lu\u00f4n s\u1eb5n s\u00e0ng chia s\u1ebb, t\u01b0 v\u1ea5n \u0111\u1ec3 ph\u00e1t tri\u1ec3n.<\/li>\n<li>Lu\u00f4n s\u00e1ng t\u1ea1o l\u00e0m m\u1edbi v\u00e0 \u00e1p d\u1ee5ng d\u1ee5ng th\u1ef1c ti\u1ec5n linh ho\u1ea1t, chuy\u00ean nghi\u1ec7p.<\/li>\n<li>T\u1ed1i \u01b0u h\u00f3a chi ph\u00ed \u0111\u1ea7u t\u01b0.<\/li>\n<li>Lu\u00f4n \u0111\u00fang h\u1eb9n.<\/li>\n<\/ul>\n<p><strong>Star Event<\/strong>\u00a0n\u01a1i t\u1eadp trung l\u1ef1c l\u01b0\u1ee3ng chuy\u00ean vi\u00ean trong l\u0129nh v\u1ef1c t\u1ed5 ch\u1ee9c s\u1ef1 ki\u1ec7n, truy\u1ec1n th\u00f4ng, m\u1ef9 thu\u1eadt, c\u00e1c ng\u00e0nh ngh\u1ec7 thu\u1eadt \u0111\u01b0\u1ee3c \u0111\u00e0o t\u1ea1o ch\u00ednh quy, tr\u1ebb trung y\u00eau ngh\u1ec1 v\u00e0 \u0111\u1ea7y nhi\u1ec7t huy\u1ebft. \u0110\u1ebfn v\u1edbi Star Event, kh\u00e1ch h\u00e0ng s\u1ebd nh\u1eadn \u0111\u01b0\u1ee3c s\u1ef1 ph\u1ee5c v\u1ee5 t\u1eadn t\u00ecnh, chuy\u00ean nghi\u1ec7p v\u1edbi nh\u1eefng \u00fd t\u01b0\u1ee3ng s\u00e1ng t\u1ea1o, chi ph\u00ed c\u1ea1nh tranh so v\u1edbi th\u1ecb tr\u01b0\u1eddng.<\/p>\n<p>&nbsp;<\/p>\n<p><strong>D\u1ecbch v\u1ee5 c\u1ee7a ch\u00fang t\u00f4i bao g\u1ed3m :<\/strong><\/p>\n<p><strong>+) T\u1ed5 ch\u1ee9c s\u1ef1 ki\u1ec7n :<\/strong><\/p>\n<p>\u2013\u00a0\u00a0\u00a0\u00a0\u00a0\u00a0\u00a0\u00a0\u00a0 T\u1ed5 ch\u1ee9c h\u1ed9i ngh\u1ecb kh\u00e1ch h\u00e0ng, tri \u00e2n kh\u00e1ch h\u00e0ng.<\/p>\n<p>\u2013\u00a0\u00a0\u00a0\u00a0\u00a0\u00a0\u00a0\u00a0\u00a0 T\u1ed5 ch\u1ee9c s\u1ef1 ki\u1ec7n t\u1ea5t ni\u00ean, g\u1eb7p m\u1eb7t \u0111\u1ea7u n\u0103m.<\/p>\n<p>\u2013\u00a0\u00a0\u00a0\u00a0\u00a0\u00a0\u00a0\u00a0\u00a0 T\u1ed5 ch\u1ee9c l\u1ec5 ra m\u1eaft gi\u1edbi thi\u1ec7u s\u1ea3n ph\u1ea9m m\u1edbi.<\/p>\n<p>\u2013\u00a0\u00a0\u00a0\u00a0\u00a0\u00a0\u00a0\u00a0\u00a0 T\u1ed5 ch\u1ee9c l\u1ec5 kh\u1edfi c\u00f4ng \u0111\u1ed9ng th\u1ed5.<\/p>\n<p>\u2013\u00a0\u00a0\u00a0\u00a0\u00a0\u00a0\u00a0\u00a0\u00a0 T\u1ed5 ch\u1ee9c l\u1ec5 khai tr\u01b0\u01a1ng kh\u00e1nh th\u00e0nh.<\/p>\n<p>\u2013\u00a0\u00a0\u00a0\u00a0\u00a0\u00a0\u00a0\u00a0\u00a0 T\u1ed5 ch\u1ee9c l\u1ec5 k\u1ef7 ni\u1ec7m th\u00e0nh l\u1eadp.<\/p>\n<p>\u2013\u00a0\u00a0\u00a0\u00a0\u00a0\u00a0\u00a0\u00a0\u00a0 T\u1ed5 ch\u1ee9c s\u1ef1 ki\u1ec7n h\u1ed9i ch\u1ee3 tri\u1ec3n l\u00e3m.<\/p>\n<p>\u2013\u00a0\u00a0\u00a0\u00a0\u00a0\u00a0\u00a0\u00a0\u00a0 T\u1ed5 ch\u1ee9c bi\u1ec3u di\u1ec5n ngh\u1ec7 thu\u1eadt, ca nh\u1ea1c cho s\u1ef1 ki\u1ec7n.<\/p>\n<p>\u2013\u00a0\u00a0\u00a0\u00a0\u00a0\u00a0\u00a0\u00a0\u00a0 T\u1ed5 ch\u1ee9c ch\u1ea1y Roadshow chuy\u00ean nghi\u1ec7p.<\/p>\n<p>\u2013\u00a0\u00a0\u00a0\u00a0\u00a0\u00a0\u00a0\u00a0\u00a0 T\u1ed5 ch\u1ee9c l\u1ec5 h\u1ed9i s\u1ef1 ki\u1ec7n c\u1ed9ng \u0111\u1ed3ng.<\/p>\n<p>\u2013\u00a0\u00a0\u00a0\u00a0\u00a0\u00a0\u00a0\u00a0\u00a0 T\u1ed5 ch\u1ee9c ch\u01b0\u01a1ng tr\u00ecnh ca nh\u1ea1c bi\u1ec3u di\u1ec5n ngh\u1ec7 thu\u1eadt.<\/p>\n<p><strong>+) Cung c\u1ea5p nh\u00e2n s\u1ef1 ph\u1ee5c v\u1ee5 s\u1ef1 ki\u1ec7n:<\/strong><\/p>\n<p>\u2013\u00a0\u00a0\u00a0\u00a0\u00a0\u00a0\u00a0\u00a0\u00a0 Cung c\u1ea5p PG, PB.<\/p>\n<p>\u2013\u00a0\u00a0\u00a0\u00a0\u00a0\u00a0\u00a0\u00a0\u00a0 Cung c\u1ea5p ng\u01b0\u1eddi m\u1eabu.<\/p>\n<p>\u2013\u00a0\u00a0\u00a0\u00a0\u00a0\u00a0\u00a0\u00a0\u00a0 Cung c\u1ea5p ca s\u0129.<\/p>\n<p>\u2013\u00a0\u00a0\u00a0\u00a0\u00a0\u00a0\u00a0\u00a0\u00a0 Cung c\u1ea5p l\u1ec5 t\u00e2n.<\/p>\n<p>\u2013\u00a0\u00a0\u00a0\u00a0\u00a0\u00a0\u00a0\u00a0\u00a0 Cung c\u1ea5p MC d\u1eabn ch\u01b0\u01a1ng tr\u00ecnh.<\/p>\n<p>\u2013\u00a0\u00a0\u00a0\u00a0\u00a0\u00a0\u00a0\u00a0\u00a0 Cung c\u1ea5p nh\u00f3m nh\u1ea3y, nh\u00f3m m\u00faa.<\/p>\n<p>\u2013\u00a0\u00a0\u00a0\u00a0\u00a0\u00a0\u00a0\u00a0\u00a0 Cung c\u1ea5p \u0111o\u00e0n m\u00faa l\u00e2n, s\u1eed t\u1eed, r\u1ed3ng.<\/p>\n<p><strong>+) Cho thu\u00ea thi\u1ebft b\u1ecb t\u1ed5 ch\u1ee9c s\u1ef1 ki\u1ec7n:<\/strong><\/p>\n<p>\u2013\u00a0\u00a0\u00a0\u00a0\u00a0\u00a0\u00a0\u00a0\u00a0 Cho thu\u00ea s\u00e2n kh\u1ea5u t\u1ed5 ch\u1ee9c s\u1ef1 ki\u1ec7n.<\/p>\n<p>\u2013\u00a0\u00a0\u00a0\u00a0\u00a0\u00a0\u00a0\u00a0\u00a0 Cho thu\u00ea nh\u00e0 b\u1ea1t, nh\u00e0 kh\u00f4ng gian.<\/p>\n<p>\u2013\u00a0\u00a0\u00a0\u00a0\u00a0\u00a0\u00a0\u00a0\u00a0 Cho thu\u00ea b\u00e0n gh\u1ebf ph\u1ee5c v\u1ee5 s\u1ef1 ki\u1ec7n.<\/p>\n<p>\u2013\u00a0\u00a0\u00a0\u00a0\u00a0\u00a0\u00a0\u00a0\u00a0 Cho thu\u00ea thi\u1ebft b\u1ecb \u00e2m thanh \u00e1nh s\u00e1ng s\u00e2n kh\u1ea5u.<\/p>\n<p>\u2013\u00a0\u00a0\u00a0\u00a0\u00a0\u00a0\u00a0\u00a0\u00a0 Cho thu\u00ea th\u1ea3m tr\u1ea3i s\u00e0n.<\/p>\n<p>\u2013\u00a0\u00a0\u00a0\u00a0\u00a0\u00a0\u00a0\u00a0\u00a0 Cho thu\u00ea c\u1ed5ng h\u01a1i, r\u1ed1i h\u01a1i.<\/p>\n<p>\u2013\u00a0\u00a0\u00a0\u00a0\u00a0\u00a0\u00a0\u00a0\u00a0 Cho thu\u00ea m\u00e0n chi\u1ebfu, m\u00e1y chi\u1ebfu.<\/p>\n<\/div>\n","protected":false},"excerpt":{"rendered":"<p>GI\u1edaI THI\u1ec6U Star Event\u00a0ho\u1ea1t \u0111\u1ed9ng chuy\u00ean nghi\u1ec7p trong l\u0129nh v\u1ef1c t\u1ed5 ch\u1ee9c s\u1ef1 ki\u1ec7n, truy\u1ec1n th\u00f4ng.\u00a0\u0110\u1ebfn nay, ch\u00fang t\u00f4i \u0111\u00e3 tr\u1ef1c ti\u1ebfp tham gia th\u1ef1c hi\u1ec7n r\u1ea5t nhi\u1ec1u d\u1ef1 \u00e1n l\u1edbn nh\u1ecf mang l\u1ea1i hi\u1ec7u qu\u1ea3 cao s\u1ef1 h\u00e0i l\u00f2ng v\u00e0 th\u00e0nh c\u00f4ng cho c\u00e1c doanh nghi\u1ec7p trong h\u00e0ng tr\u0103m l\u0129nh v\u1ef1c ng\u00e0nh ngh\u1ec1 kh\u00e1c [&hellip;]\n","protected":false},"author":1,"featured_media":0,"parent":0,"menu_order":0,"comment_status":"closed","ping_status":"closed","template":"page-right-sidebar.php","meta":{"_acf_changed":false,"footnotes":""},"class_list":["post-1149","page","type-page","status-publish","hentry"],"acf":[],"yoast_head":"<!-- This site is optimized with the Yoast SEO plugin v24.6 - https:\/\/yoast.com\/wordpress\/plugins\/seo\/ -->\n<title>Introduce - C\u00d4NG TY TNHH S\u1ea2N XU\u1ea4T TH\u01af\u01a0NG M\u1ea0I H\u00d9NG H\u1ea0NH<\/title>\n<meta name=\"robots\" content=\"index, follow, max-snippet:-1, max-image-preview:large, max-video-preview:-1\" \/>\n<link rel=\"canonical\" href=\"https:\/\/sukienhunghanh.vn\/en\/gioi-thieu\/\" \/>\n<meta property=\"og:locale\" content=\"en_US\" \/>\n<meta property=\"og:type\" content=\"article\" \/>\n<meta property=\"og:title\" content=\"Introduce - C\u00d4NG TY TNHH S\u1ea2N XU\u1ea4T TH\u01af\u01a0NG M\u1ea0I H\u00d9NG H\u1ea0NH\" \/>\n<meta property=\"og:description\" content=\"GI\u1edaI THI\u1ec6U Star Event\u00a0ho\u1ea1t \u0111\u1ed9ng chuy\u00ean nghi\u1ec7p trong l\u0129nh v\u1ef1c t\u1ed5 ch\u1ee9c s\u1ef1 ki\u1ec7n, truy\u1ec1n th\u00f4ng.\u00a0\u0110\u1ebfn nay, ch\u00fang t\u00f4i \u0111\u00e3 tr\u1ef1c ti\u1ebfp tham gia th\u1ef1c hi\u1ec7n r\u1ea5t nhi\u1ec1u d\u1ef1 \u00e1n l\u1edbn nh\u1ecf mang l\u1ea1i hi\u1ec7u qu\u1ea3 cao s\u1ef1 h\u00e0i l\u00f2ng v\u00e0 th\u00e0nh c\u00f4ng cho c\u00e1c doanh nghi\u1ec7p trong h\u00e0ng tr\u0103m l\u0129nh v\u1ef1c ng\u00e0nh ngh\u1ec1 kh\u00e1c [&hellip;]\" \/>\n<meta property=\"og:url\" content=\"https:\/\/sukienhunghanh.vn\/en\/gioi-thieu\/\" \/>\n<meta property=\"og:site_name\" content=\"C\u00d4NG TY TNHH S\u1ea2N XU\u1ea4T TH\u01af\u01a0NG M\u1ea0I H\u00d9NG H\u1ea0NH\" \/>\n<meta property=\"article:modified_time\" content=\"2019-06-13T06:46:11+00:00\" \/>\n<meta name=\"twitter:card\" content=\"summary_large_image\" \/>\n<meta name=\"twitter:label1\" content=\"Est. reading time\" \/>\n\t<meta name=\"twitter:data1\" content=\"5 minutes\" \/>\n<script type=\"application\/ld+json\" class=\"yoast-schema-graph\">{\"@context\":\"https:\/\/schema.org\",\"@graph\":[{\"@type\":\"WebPage\",\"@id\":\"https:\/\/sukienhunghanh.vn\/en\/gioi-thieu\/\",\"url\":\"https:\/\/sukienhunghanh.vn\/en\/gioi-thieu\/\",\"name\":\"Introduce - C\u00d4NG TY TNHH S\u1ea2N XU\u1ea4T TH\u01af\u01a0NG M\u1ea0I H\u00d9NG H\u1ea0NH\",\"isPartOf\":{\"@id\":\"https:\/\/sukienhunghanh.vn\/#website\"},\"datePublished\":\"2018-05-03T07:38:12+00:00\",\"dateModified\":\"2019-06-13T06:46:11+00:00\",\"breadcrumb\":{\"@id\":\"https:\/\/sukienhunghanh.vn\/en\/gioi-thieu\/#breadcrumb\"},\"inLanguage\":\"en-US\",\"potentialAction\":[{\"@type\":\"ReadAction\",\"target\":[\"https:\/\/sukienhunghanh.vn\/en\/gioi-thieu\/\"]}]},{\"@type\":\"BreadcrumbList\",\"@id\":\"https:\/\/sukienhunghanh.vn\/en\/gioi-thieu\/#breadcrumb\",\"itemListElement\":[{\"@type\":\"ListItem\",\"position\":1,\"name\":\"Trang ch\u1ee7\",\"item\":\"https:\/\/sukienhunghanh.vn\/en\/\"},{\"@type\":\"ListItem\",\"position\":2,\"name\":\"Introduce\"}]},{\"@type\":\"WebSite\",\"@id\":\"https:\/\/sukienhunghanh.vn\/#website\",\"url\":\"https:\/\/sukienhunghanh.vn\/\",\"name\":\"C\u00d4NG TY TNHH S\u1ea2N XU\u1ea4T TH\u01af\u01a0NG M\u1ea0I H\u00d9NG H\u1ea0NH\",\"description\":\"H\u00d9NG H\u1ea0NH Event\",\"potentialAction\":[{\"@type\":\"SearchAction\",\"target\":{\"@type\":\"EntryPoint\",\"urlTemplate\":\"https:\/\/sukienhunghanh.vn\/?s={search_term_string}\"},\"query-input\":{\"@type\":\"PropertyValueSpecification\",\"valueRequired\":true,\"valueName\":\"search_term_string\"}}],\"inLanguage\":\"en-US\"}]}<\/script>\n<!-- \/ Yoast SEO plugin. -->","yoast_head_json":{"title":"Introduce - C\u00d4NG TY TNHH S\u1ea2N XU\u1ea4T TH\u01af\u01a0NG M\u1ea0I H\u00d9NG H\u1ea0NH","robots":{"index":"index","follow":"follow","max-snippet":"max-snippet:-1","max-image-preview":"max-image-preview:large","max-video-preview":"max-video-preview:-1"},"canonical":"https:\/\/sukienhunghanh.vn\/en\/gioi-thieu\/","og_locale":"en_US","og_type":"article","og_title":"Introduce - C\u00d4NG TY TNHH S\u1ea2N XU\u1ea4T TH\u01af\u01a0NG M\u1ea0I H\u00d9NG H\u1ea0NH","og_description":"GI\u1edaI THI\u1ec6U Star Event\u00a0ho\u1ea1t \u0111\u1ed9ng chuy\u00ean nghi\u1ec7p trong l\u0129nh v\u1ef1c t\u1ed5 ch\u1ee9c s\u1ef1 ki\u1ec7n, truy\u1ec1n th\u00f4ng.\u00a0\u0110\u1ebfn nay, ch\u00fang t\u00f4i \u0111\u00e3 tr\u1ef1c ti\u1ebfp tham gia th\u1ef1c hi\u1ec7n r\u1ea5t nhi\u1ec1u d\u1ef1 \u00e1n l\u1edbn nh\u1ecf mang l\u1ea1i hi\u1ec7u qu\u1ea3 cao s\u1ef1 h\u00e0i l\u00f2ng v\u00e0 th\u00e0nh c\u00f4ng cho c\u00e1c doanh nghi\u1ec7p trong h\u00e0ng tr\u0103m l\u0129nh v\u1ef1c ng\u00e0nh ngh\u1ec1 kh\u00e1c [&hellip;]","og_url":"https:\/\/sukienhunghanh.vn\/en\/gioi-thieu\/","og_site_name":"C\u00d4NG TY TNHH S\u1ea2N XU\u1ea4T TH\u01af\u01a0NG M\u1ea0I H\u00d9NG H\u1ea0NH","article_modified_time":"2019-06-13T06:46:11+00:00","twitter_card":"summary_large_image","twitter_misc":{"Est. reading time":"5 minutes"},"schema":{"@context":"https:\/\/schema.org","@graph":[{"@type":"WebPage","@id":"https:\/\/sukienhunghanh.vn\/en\/gioi-thieu\/","url":"https:\/\/sukienhunghanh.vn\/en\/gioi-thieu\/","name":"Introduce - C\u00d4NG TY TNHH S\u1ea2N XU\u1ea4T TH\u01af\u01a0NG M\u1ea0I H\u00d9NG H\u1ea0NH","isPartOf":{"@id":"https:\/\/sukienhunghanh.vn\/#website"},"datePublished":"2018-05-03T07:38:12+00:00","dateModified":"2019-06-13T06:46:11+00:00","breadcrumb":{"@id":"https:\/\/sukienhunghanh.vn\/en\/gioi-thieu\/#breadcrumb"},"inLanguage":"en-US","potentialAction":[{"@type":"ReadAction","target":["https:\/\/sukienhunghanh.vn\/en\/gioi-thieu\/"]}]},{"@type":"BreadcrumbList","@id":"https:\/\/sukienhunghanh.vn\/en\/gioi-thieu\/#breadcrumb","itemListElement":[{"@type":"ListItem","position":1,"name":"Trang ch\u1ee7","item":"https:\/\/sukienhunghanh.vn\/en\/"},{"@type":"ListItem","position":2,"name":"Introduce"}]},{"@type":"WebSite","@id":"https:\/\/sukienhunghanh.vn\/#website","url":"https:\/\/sukienhunghanh.vn\/","name":"C\u00d4NG TY TNHH S\u1ea2N XU\u1ea4T TH\u01af\u01a0NG M\u1ea0I H\u00d9NG H\u1ea0NH","description":"H\u00d9NG H\u1ea0NH Event","potentialAction":[{"@type":"SearchAction","target":{"@type":"EntryPoint","urlTemplate":"https:\/\/sukienhunghanh.vn\/?s={search_term_string}"},"query-input":{"@type":"PropertyValueSpecification","valueRequired":true,"valueName":"search_term_string"}}],"inLanguage":"en-US"}]}},"_links":{"self":[{"href":"https:\/\/sukienhunghanh.vn\/en\/wp-json\/wp\/v2\/pages\/1149","targetHints":{"allow":["GET"]}}],"collection":[{"href":"https:\/\/sukienhunghanh.vn\/en\/wp-json\/wp\/v2\/pages"}],"about":[{"href":"https:\/\/sukienhunghanh.vn\/en\/wp-json\/wp\/v2\/types\/page"}],"author":[{"embeddable":true,"href":"https:\/\/sukienhunghanh.vn\/en\/wp-json\/wp\/v2\/users\/1"}],"replies":[{"embeddable":true,"href":"https:\/\/sukienhunghanh.vn\/en\/wp-json\/wp\/v2\/comments?post=1149"}],"version-history":[{"count":1,"href":"https:\/\/sukienhunghanh.vn\/en\/wp-json\/wp\/v2\/pages\/1149\/revisions"}],"predecessor-version":[{"id":1156,"href":"https:\/\/sukienhunghanh.vn\/en\/wp-json\/wp\/v2\/pages\/1149\/revisions\/1156"}],"wp:attachment":[{"href":"https:\/\/sukienhunghanh.vn\/en\/wp-json\/wp\/v2\/media?parent=1149"}],"curies":[{"name":"wp","href":"https:\/\/api.w.org\/{rel}","templated":true}]}}